{"id":107,"date":"2020-04-22T18:14:05","date_gmt":"2020-04-22T21:14:05","guid":{"rendered":"https:\/\/pranaestudio.com.ar\/estudiorovira\/?page_id=107"},"modified":"2025-07-30T12:10:59","modified_gmt":"2025-07-30T15:10:59","slug":"socios","status":"publish","type":"page","link":"http:\/\/roviralaw.com.ar\/en\/socios\/","title":{"rendered":"Partners"},"content":{"rendered":"<p>[et_pb_section fb_built=&#8221;1&#8243; admin_label=&#8221;socios&#8221; _builder_version=&#8221;4.16&#8243; global_colors_info=&#8221;{}&#8221;][et_pb_row column_structure=&#8221;1_2,1_2&#8243; _builder_version=&#8221;4.16&#8243; custom_margin=&#8221;||50px|&#8221; global_colors_info=&#8221;{}&#8221;][et_pb_column type=&#8221;1_2&#8243; _builder_version=&#8221;4.16&#8243; custom_padding=&#8221;|||&#8221; global_colors_info=&#8221;{}&#8221; custom_padding__hover=&#8221;|||&#8221;][et_pb_text admin_label=&#8221;Liuba&#8221; _builder_version=&#8221;4.27.4&#8243; text_font=&#8221;||||||||&#8221; text_font_size=&#8221;13px&#8221; text_line_height=&#8221;1.9em&#8221; header_font=&#8221;||||||||&#8221; header_2_font=&#8221;Playfair Display|700|||||||&#8221; header_2_font_size=&#8221;40px&#8221; header_2_line_height=&#8221;1.5em&#8221; header_3_font=&#8221;Lato|700||on|||||&#8221; header_3_text_color=&#8221;#4059A0&#8243; header_3_font_size=&#8221;20px&#8221; header_3_line_height=&#8221;1.5em&#8221; header_6_font=&#8221;||||||||&#8221; max_width=&#8221;600px&#8221; max_width_last_edited=&#8221;off|desktop&#8221; custom_margin=&#8221;||5px||false|false&#8221; custom_padding=&#8221;||0px||false|false&#8221; hover_enabled=&#8221;0&#8243; header_2_font_size_tablet=&#8221;30px&#8221; header_2_font_size_phone=&#8221;24px&#8221; header_2_font_size_last_edited=&#8221;on|phone&#8221; header_3_font_size_tablet=&#8221;50px&#8221; header_3_font_size_phone=&#8221;32px&#8221; header_3_font_size_last_edited=&#8221;off|desktop&#8221; locked=&#8221;off&#8221; global_colors_info=&#8221;{}&#8221; sticky_enabled=&#8221;0&#8243;]<\/p>\n<h3>Liuba Lencova Besheva<\/h3>\n<p>[\/et_pb_text][et_pb_image src=&#8221;http:\/\/roviralaw.com.ar\/wp-content\/uploads\/Imagen-de-WhatsApp-2025-07-28-a-las-13.00.27_2d25d0e3.jpg&#8221; _builder_version=&#8221;4.27.4&#8243; hover_enabled=&#8221;0&#8243; box_shadow_style=&#8221;preset3&#8243; global_colors_info=&#8221;{}&#8221; title_text=&#8221;Liuba Lencova Besheva&#8221; sticky_enabled=&#8221;0&#8243; alt=&#8221;Liuba Lencova Besheva&#8221;][\/et_pb_image][et_pb_text _builder_version=&#8221;4.16&#8243; text_font_size=&#8221;13px&#8221; global_colors_info=&#8221;{}&#8221;]<\/p>\n<p class=\"p1\" style=\"text-align: justify;\">Mrs. Liuba Lencova Besheva received her LL.B. from the University of Buenos Aires in\n2002.<br><\/p>\n<p style=\"text-align: justify;\">Mrs. Lencova obtained an LLM in Business Law from the Austral University in 2005 with\nthe thesis: \u201cEl pacto de sindicaci\u00f3n de acciones como fideicomiso\u201d (Shareholders\nAgreement as a trust agreement) and an LLM in Tax Law from the same university in 2013\nwith the thesis: \u201cEl fideicomiso al costo. Su tratamiento en los principales impuestos\nnacionales\u201d (The trust agreement in construction contracts at fixed cost. Their tax\ntreatment).<br><br \/> Mrs. Lencova has a Postgraduate Diploma in Law of Civil and Commercial Procedures and\ndid other postgraduates\u2019 courses on Real Estate Transactions, Trust agreements and\nCapital Market at the Austral University. <br><\/p>\n<p style=\"text-align: justify;\">From 2003 to 2019, Mrs. Lencova served as Assistant Professor of Business Law in the\nChapter lead by Dr. Rovira at the School of Law of the University of Buenos Aires.\nCurrently, she is Assistant Professor in Corporate Law in the Chapter lead by Dr. Mizrahi\nat the School of Law of the University of Buenos Aires.<br><\/p>\n<p style=\"text-align: justify;\">Mrs. Lenvoca has integrated several juries of LLM thesis at the Austral University and has\nalso been a visiting Professor at this university and the Pontificia Universidad Cat\u00f3lica\nArgentina.<\/p>\n<p style=\"text-align: justify;\">Mrs. Lencova was a member of the advisory staff of former congressman and then senator\nFederico Pinedo. As advisor to congressman Federico Pinedo, she coordinated the\nCommittee for the reform of the Criminal Code and in the Committee for the amendment\nof the Insolvency Law, currently passed as new law, in the National Chamber of Deputies;\nand was designated as Secretary of the Committee for the reform of the General\nCorporate Law.<\/p>\n<p style=\"text-align: justify;\">Mrs. Lencova is member of the Argentine Association of Tax Studies, San Isidro Bar\nAssociation, Buenos Aires Bar Association and the Argentine Institute of Commercial Law.<\/p>\n<p style=\"text-align: justify;\">Mrs. Lencova served as a member of the Board and Technical Committee of the C\u00e1mara\nArgentina de Fideicomisos y Fondos de Inversi\u00f3n Directa en Actividades Productivas from\n2003 to 2009. As well as been invited as speaker in several conferences and seminars on\ncorporate law.<\/p>\n<p style=\"text-align: justify;\">She speaks, reads and writes in Spanish, Bulgarian, Russian and English.<\/p>\n<p style=\"text-align: justify;\">-<\/p>\n<p style=\"text-align: justify;\">-<\/p>\n<p>[\/et_pb_text][et_pb_social_media_follow _builder_version=&#8221;4.16&#8243; border_radii=&#8221;on|100px|100px|100px|100px&#8221; global_colors_info=&#8221;{}&#8221;][et_pb_social_media_follow_network social_network=&#8221;linkedin&#8221; url=&#8221;https:\/\/www.linkedin.com\/in\/liuba-lencova-82b3b81a0\/&#8221; _builder_version=&#8221;4.16&#8243; background_color=&#8221;rgba(0,0,0,0.8)&#8221; custom_margin=&#8221;|||&#8221; custom_padding=&#8221;10px|10px|10px|10px|true|true&#8221; global_colors_info=&#8221;{}&#8221; follow_button=&#8221;off&#8221; url_new_window=&#8221;on&#8221;]linkedin[\/et_pb_social_media_follow_network][\/et_pb_social_media_follow][et_pb_button button_url=&#8221;mailto:llencova@roviralaw.com.ar&#8221; url_new_window=&#8221;on&#8221; button_text=&#8221;Contactar&#8221; _builder_version=&#8221;4.16&#8243; custom_button=&#8221;on&#8221; button_text_size=&#8221;16px&#8221; button_text_color=&#8221;#ffffff&#8221; button_bg_color=&#8221;#4059A0&#8243; button_border_width=&#8221;10px&#8221; button_border_color=&#8221;rgba(210,159,104,0)&#8221; button_border_radius=&#8221;100px&#8221; button_font=&#8221;Lato|900|||||||&#8221; button_use_icon=&#8221;off&#8221; button_bg_color_hover=&#8221;#4159a0&#8243; locked=&#8221;off&#8221; global_colors_info=&#8221;{}&#8221; button_text_size__hover_enabled=&#8221;off&#8221; button_one_text_size__hover_enabled=&#8221;off&#8221; button_two_text_size__hover_enabled=&#8221;off&#8221; button_text_color__hover_enabled=&#8221;off&#8221; button_one_text_color__hover_enabled=&#8221;off&#8221; button_two_text_color__hover_enabled=&#8221;off&#8221; button_border_width__hover_enabled=&#8221;off&#8221; button_one_border_width__hover_enabled=&#8221;off&#8221; button_two_border_width__hover_enabled=&#8221;off&#8221; button_border_color__hover_enabled=&#8221;off&#8221; button_one_border_color__hover_enabled=&#8221;off&#8221; button_two_border_color__hover_enabled=&#8221;off&#8221; button_border_radius__hover_enabled=&#8221;off&#8221; button_one_border_radius__hover_enabled=&#8221;off&#8221; button_two_border_radius__hover_enabled=&#8221;off&#8221; button_letter_spacing__hover_enabled=&#8221;off&#8221; button_one_letter_spacing__hover_enabled=&#8221;off&#8221; button_two_letter_spacing__hover_enabled=&#8221;off&#8221; button_bg_color__hover_enabled=&#8221;on|hover&#8221; button_bg_color__hover=&#8221;#4159a0&#8243; button_one_bg_color__hover_enabled=&#8221;off&#8221; button_two_bg_color__hover_enabled=&#8221;off&#8221;]<\/p>\n<h1>About Anthony<\/h1>\n<h3>Business CoacH<\/h3>\n<p>Lorem ipsum dolor sit amet, consectetur adipiscing elit, sed do eiusmod tempor incididunt ut labore et dolore magna aliqua. Ut enim ad minim veniam. Lorem ipsum dolor sit amet, cons<\/p>\n<p>[\/et_pb_button][\/et_pb_column][et_pb_column type=&#8221;1_2&#8243; _builder_version=&#8221;4.16&#8243; custom_padding=&#8221;|||&#8221; global_colors_info=&#8221;{}&#8221; custom_padding__hover=&#8221;|||&#8221;][et_pb_text admin_label=&#8221;Nicolas&#8221; _builder_version=&#8221;4.27.4&#8243; text_font=&#8221;||||||||&#8221; text_font_size=&#8221;13px&#8221; text_line_height=&#8221;1.9em&#8221; header_font=&#8221;||||||||&#8221; header_2_font=&#8221;Playfair Display|700|||||||&#8221; header_2_font_size=&#8221;40px&#8221; header_2_line_height=&#8221;1.5em&#8221; header_3_font=&#8221;Lato|700||on|||||&#8221; header_3_text_color=&#8221;#4059A0&#8243; header_3_font_size=&#8221;20px&#8221; header_3_line_height=&#8221;1.5em&#8221; header_6_font=&#8221;||||||||&#8221; max_width=&#8221;600px&#8221; max_width_last_edited=&#8221;off|desktop&#8221; custom_margin=&#8221;||5px||false|false&#8221; custom_padding=&#8221;||0px||false|false&#8221; hover_enabled=&#8221;0&#8243; header_2_font_size_tablet=&#8221;30px&#8221; header_2_font_size_phone=&#8221;24px&#8221; header_2_font_size_last_edited=&#8221;on|phone&#8221; header_3_font_size_tablet=&#8221;50px&#8221; header_3_font_size_phone=&#8221;32px&#8221; header_3_font_size_last_edited=&#8221;off|desktop&#8221; locked=&#8221;off&#8221; global_colors_info=&#8221;{}&#8221; sticky_enabled=&#8221;0&#8243;]<\/p>\n<h3>Nicol\u00e1s Zaballa<\/h3>\n<p>[\/et_pb_text][et_pb_image src=&#8221;http:\/\/roviralaw.com.ar\/wp-content\/uploads\/Imagen-de-WhatsApp-2025-07-28-a-las-13.00.28_cd5f32a6.jpg&#8221; _builder_version=&#8221;4.27.4&#8243; hover_enabled=&#8221;0&#8243; box_shadow_style=&#8221;preset3&#8243; global_colors_info=&#8221;{}&#8221; title_text=&#8221;Nicol\u00e1s Zaballa&#8221; sticky_enabled=&#8221;0&#8243; alt=&#8221;Nicol\u00e1s Zaballa&#8221;][\/et_pb_image][et_pb_text _builder_version=&#8221;4.16&#8243; text_font_size=&#8221;13px&#8221; global_colors_info=&#8221;{}&#8221;]<\/p>\n<p style=\"text-align: justify;\">Mr. Nicol\u00e1s Zaballa received his law degree with honors at the University of Buenos Aires,\nspecialized in international law.<\/p>\n<p style=\"text-align: justify;\">Mr. Zaballa obtained an LLM in Economic Regulation from the Austral University with the\nthesis: \u201cLa expropiaci\u00f3n p\u00fablica y la protecci\u00f3n de inversions extranjeras\u201d (Public\nexpropriation and protection of foreign investment).<\/p>\n<p style=\"text-align: justify;\">Mr. Zaballa has a Postgraduate Diploma in Arbitration from the Austral University and did\nother postgraduates\u2019 courses on EU Law (University of Alcal\u00e1 de Henares, Spain),\nInternational Trade and Negotiation (ICBC Foundation, Argentina), Agribusiness Law and\nRegulation (Austral University, Argentina) and Compliance &amp; Anti-bribery management\nsystems (IRAM, Argentina).<\/p>\n<p style=\"text-align: justify;\">He has high experience in corporate and governmental affairs, mergers and acquisitions,\nnegotiation and drafting of contracts, project development and finance, complex\nlitigation and international and domestic commercial arbitration.<\/p>\n<p style=\"text-align: justify;\">He took part in several arbitrations under the ICC Rules and the UNCITRAL Rules, before\nboth the General Arbitration Tribunal of the Buenos Aires Stock Exchange as well as the\nGeneral Arbitration and Mediation Tribunal of the Colegio de Escribanos de la Ciudad de\nBuenos Aires and ad-hoc arbitrations.<\/p>\n<p style=\"text-align: justify;\">He has also served as Legal Advisor of the Secretary and Under Secretary of Commerce in\nArgentina and as Under Secretary of Entrepreneurs, Small and Medium-Size Enterprises\nand Cooperatives in the Ministry of Production of the Province of Buenos Aires.<\/p>\n<p style=\"text-align: justify;\">Mr. Zaballa is a current member of the Institute of International Law and coordinator of\nthe Working Group of Commercial and Economic Integration of the Argentine Council for\nInternational Relations (CARI).<\/p>\n<p>[\/et_pb_text][et_pb_social_media_follow _builder_version=&#8221;4.16&#8243; border_radii=&#8221;on|100px|100px|100px|100px&#8221; global_colors_info=&#8221;{}&#8221;][et_pb_social_media_follow_network social_network=&#8221;linkedin&#8221; url=&#8221;https:\/\/www.linkedin.com\/in\/nicol%C3%A1s-zaballa-28b07a64\/&#8221; _builder_version=&#8221;4.16&#8243; background_color=&#8221;rgba(0,0,0,0.8)&#8221; custom_margin=&#8221;|||&#8221; custom_padding=&#8221;10px|10px|10px|10px|true|true&#8221; global_colors_info=&#8221;{}&#8221; follow_button=&#8221;off&#8221; url_new_window=&#8221;on&#8221;]linkedin[\/et_pb_social_media_follow_network][\/et_pb_social_media_follow][et_pb_button button_url=&#8221;mailto:nzaballa@roviralaw.com.ar&#8221; url_new_window=&#8221;on&#8221; button_text=&#8221;Contactar&#8221; _builder_version=&#8221;4.16&#8243; custom_button=&#8221;on&#8221; button_text_size=&#8221;16px&#8221; button_text_color=&#8221;#ffffff&#8221; button_bg_color=&#8221;#4059A0&#8243; button_border_width=&#8221;10px&#8221; button_border_color=&#8221;rgba(210,159,104,0)&#8221; button_border_radius=&#8221;100px&#8221; button_font=&#8221;Lato|900|||||||&#8221; button_use_icon=&#8221;off&#8221; button_bg_color_hover=&#8221;#4159a0&#8243; locked=&#8221;off&#8221; global_colors_info=&#8221;{}&#8221; button_text_size__hover_enabled=&#8221;off&#8221; button_one_text_size__hover_enabled=&#8221;off&#8221; button_two_text_size__hover_enabled=&#8221;off&#8221; button_text_color__hover_enabled=&#8221;off&#8221; button_one_text_color__hover_enabled=&#8221;off&#8221; button_two_text_color__hover_enabled=&#8221;off&#8221; button_border_width__hover_enabled=&#8221;off&#8221; button_one_border_width__hover_enabled=&#8221;off&#8221; button_two_border_width__hover_enabled=&#8221;off&#8221; button_border_color__hover_enabled=&#8221;off&#8221; button_one_border_color__hover_enabled=&#8221;off&#8221; button_two_border_color__hover_enabled=&#8221;off&#8221; button_border_radius__hover_enabled=&#8221;off&#8221; button_one_border_radius__hover_enabled=&#8221;off&#8221; button_two_border_radius__hover_enabled=&#8221;off&#8221; button_letter_spacing__hover_enabled=&#8221;off&#8221; button_one_letter_spacing__hover_enabled=&#8221;off&#8221; button_two_letter_spacing__hover_enabled=&#8221;off&#8221; button_bg_color__hover_enabled=&#8221;on&#8221; button_bg_color__hover=&#8221;#4159a0&#8243; button_one_bg_color__hover_enabled=&#8221;off&#8221; button_two_bg_color__hover_enabled=&#8221;off&#8221;]<\/p>\n<h1>About Anthony<\/h1>\n<h3>Business CoacH<\/h3>\n<p>Lorem ipsum dolor sit amet, consectetur adipiscing elit, sed do eiusmod tempor incididunt ut labore et dolore magna aliqua. Ut enim ad minim veniam. Lorem ipsum dolor sit amet, cons<\/p>\n<p>[\/et_pb_button][\/et_pb_column][\/et_pb_row][\/et_pb_section]<\/p>","protected":false},"excerpt":{"rendered":"<p>Liuba Lencova BeshevaAbogada y Traductora P\u00fablica de idioma b\u00falgaro egresada de la Facultad de Derecho de la Universidad de Buenos Aires. Mag\u00edster en Derecho Empresario por la Universidad Austral (2005). Tesis: \u201cEl pacto de sindicaci\u00f3n de acciones como fideicomiso\u201d Mag\u00edster en Derecho Tributario por la Universidad Austral (2013). Tesis: &#8220;El fideicomiso al costo. Su tratamiento [&hellip;]<\/p>","protected":false},"author":2,"featured_media":0,"parent":0,"menu_order":0,"comment_status":"closed","ping_status":"closed","template":"","meta":{"_et_pb_use_builder":"on","_et_pb_old_content":"","_et_gb_content_width":"","footnotes":""},"class_list":["post-107","page","type-page","status-publish","hentry"],"_links":{"self":[{"href":"http:\/\/roviralaw.com.ar\/en\/wp-json\/wp\/v2\/pages\/107","targetHints":{"allow":["GET"]}}],"collection":[{"href":"http:\/\/roviralaw.com.ar\/en\/wp-json\/wp\/v2\/pages"}],"about":[{"href":"http:\/\/roviralaw.com.ar\/en\/wp-json\/wp\/v2\/types\/page"}],"author":[{"embeddable":true,"href":"http:\/\/roviralaw.com.ar\/en\/wp-json\/wp\/v2\/users\/2"}],"replies":[{"embeddable":true,"href":"http:\/\/roviralaw.com.ar\/en\/wp-json\/wp\/v2\/comments?post=107"}],"version-history":[{"count":0,"href":"http:\/\/roviralaw.com.ar\/en\/wp-json\/wp\/v2\/pages\/107\/revisions"}],"wp:attachment":[{"href":"http:\/\/roviralaw.com.ar\/en\/wp-json\/wp\/v2\/media?parent=107"}],"curies":[{"name":"wp","href":"https:\/\/api.w.org\/{rel}","templated":true}]}}